{"id":120,"date":"2025-12-03T06:46:59","date_gmt":"2025-12-03T06:46:59","guid":{"rendered":"https:\/\/www.maiamuller-dev.gestion-idweb.fr\/?page_id=120"},"modified":"2026-03-03T14:53:25","modified_gmt":"2026-03-03T14:53:25","slug":"a-propos-de-la-galerie","status":"publish","type":"page","link":"https:\/\/www.maiamuller.com\/en\/a-propos-de-la-galerie\/","title":{"rendered":"The Gallery"},"content":{"rendered":"<p><strong>The gallery expands &amp; moves to 31 Rue Chapon.<\/strong><\/p>\n\n\n\n<p>A contemporary art gallery, Ma\u00efa Muller Gallery has been located since March 2013 at 19 rue Chapon, in the 3rd arrondissement. It promotes and disseminates national and international contemporary creation characterized by its protean and transversal aspect where painting, drawing, sculpture, photography and video are often practiced on the same field.<\/p>\n\n\n\n<p>The gallery organized the first solo shows in Paris of young French and foreign artists such as Io Burgard, C\u00e9lia Muller, Yesmine Ben Khelil, Camille Fischer and Fritz Bornst\u00fcck, and offered the opportunity to rediscover the work of established artists such as Jean-Michel Alberola, Myriam Mihindou, John Stezaker, Fran\u00e7ois Boisrond, Hassan Musa, whose careers can also be followed in the collections of prestigious institutions (Centre Pompidou, Palais de Tokyo, Mus\u00e9e du Quai Branly, MAC VAL, Mus\u00e9e MAXXI - Rome).<\/p>\n\n\n\n<p>Member of the Comit\u00e9 Professionnel des Galeries d'Art.<\/p>\n\n\n\n<p><a href=\"http:\/\/www.comitedesgaleriesdart.com\/\">www.comitedesgaleriesdart.com<\/a><\/p>\n\n\n\n<p><a href=\"https:\/\/www.maiamuller.com\/wp-content\/uploads\/2017\/01\/LOEIL-662-NOV-2013-Portrait-Mai%CC%88a-Muller-Philippe-PIGUET.pdf\">L'Oeil #662 - Ma\u00efa Muller \/ Portrait by Philippe Piguet<\/a><\/p>\n\n\n\n<h4 class=\"wp-block-heading has-medium-font-size\">Ma\u00efa Muller Gallery in the press<\/h4>\n\n\n\n<p><a href=\"https:\/\/www.maiamuller.com\/wp-content\/uploads\/2018\/03\/LE-MONDE-7-8-Avril-2013-Viens-la-mort-on-va-danser-Philippe-DAGEN.jpg\">Le Monde - Viens la mort on va danser by Philippe Dagen, April 2013<\/a><\/p>\n\n\n\n<p><a href=\"https:\/\/www.maiamuller.com\/wp-content\/uploads\/2018\/03\/Journal-des-Arts-2013-Viens-la-mort-on-va-danser-.pdf\">Le Journal des Arts - Viens la mort on va danser - April 2013<\/a><\/p>","protected":false},"excerpt":{"rendered":"<p>La galerie s\u2019agrandit &amp; d\u00e9m\u00e9nage au 31 Rue Chapon. Galerie d\u2019art contemporain, la galerie Ma\u00efa Muller est install\u00e9e depuis mars 2013 au 19 rue Chapon, dans le 3\u00e8me arrondissement. Elle promeut et diffuse une cr\u00e9ation contemporaine nationale et internationale caract\u00e9ris\u00e9e par son aspect prot\u00e9iforme et transversal o\u00f9 peinture, dessin, sculpture, photographie, vid\u00e9o se pratiquent souvent [&hellip;]<\/p>\n","protected":false},"author":1,"featured_media":337,"parent":0,"menu_order":0,"comment_status":"closed","ping_status":"closed","template":"","meta":{"_acf_changed":false,"footnotes":""},"class_list":["post-120","page","type-page","status-publish","has-post-thumbnail","hentry"],"acf":[],"_links":{"self":[{"href":"https:\/\/www.maiamuller.com\/en\/wp-json\/wp\/v2\/pages\/120","targetHints":{"allow":["GET"]}}],"collection":[{"href":"https:\/\/www.maiamuller.com\/en\/wp-json\/wp\/v2\/pages"}],"about":[{"href":"https:\/\/www.maiamuller.com\/en\/wp-json\/wp\/v2\/types\/page"}],"author":[{"embeddable":true,"href":"https:\/\/www.maiamuller.com\/en\/wp-json\/wp\/v2\/users\/1"}],"replies":[{"embeddable":true,"href":"https:\/\/www.maiamuller.com\/en\/wp-json\/wp\/v2\/comments?post=120"}],"version-history":[{"count":14,"href":"https:\/\/www.maiamuller.com\/en\/wp-json\/wp\/v2\/pages\/120\/revisions"}],"predecessor-version":[{"id":21341,"href":"https:\/\/www.maiamuller.com\/en\/wp-json\/wp\/v2\/pages\/120\/revisions\/21341"}],"wp:featuredmedia":[{"embeddable":true,"href":"https:\/\/www.maiamuller.com\/en\/wp-json\/wp\/v2\/media\/337"}],"wp:attachment":[{"href":"https:\/\/www.maiamuller.com\/en\/wp-json\/wp\/v2\/media?parent=120"}],"curies":[{"name":"wp","href":"https:\/\/api.w.org\/{rel}","templated":true}]}}