{"id":20830,"date":"2026-01-27T09:58:11","date_gmt":"2026-01-27T09:58:11","guid":{"rendered":"https:\/\/www.maiamuller.com\/?page_id=20830"},"modified":"2026-01-27T09:58:11","modified_gmt":"2026-01-27T09:58:11","slug":"mentions-legales","status":"publish","type":"page","link":"https:\/\/www.maiamuller.com\/en\/mentions-legales\/","title":{"rendered":"Terms of use"},"content":{"rendered":"<h3 class=\"wp-block-heading\">Site editor<\/h3>\n\n\n\n<p>This site, accessible at URL <strong>maiamuller.com<\/strong>, is published by :<\/p>\n\n\n\n<p><strong>Ma\u00efa Muller<\/strong><br>Address: 31 rue Chapon, 75003 <strong>Paris<\/strong><br>SIREN NUMBER: 502 571 979<br>SIRET: 502 571 979 00025<br>Intracommunity VAT number: FR38 502571979<\/p>\n\n\n\n<hr class=\"wp-block-separator has-alpha-channel-opacity\"\/>\n\n\n\n<h3 class=\"wp-block-heading\">Hosting<\/h3>\n\n\n\n<p>The site is hosted by :<\/p>\n\n\n\n<p><strong>OVH<\/strong><br>2 rue Kellermann<br>59100 Roubaix<br>France<br>Website : <a>www.ovh.com<\/a><\/p>\n\n\n\n<hr class=\"wp-block-separator has-alpha-channel-opacity\"\/>\n\n\n\n<h3 class=\"wp-block-heading\">Development &amp; integration<\/h3>\n\n\n\n<p>Site development and integration by :<\/p>\n\n\n\n<p><strong>idweb.fr<\/strong><\/p>\n\n\n\n<hr class=\"wp-block-separator has-alpha-channel-opacity\"\/>\n\n\n\n<h3 class=\"wp-block-heading\">Intellectual property<\/h3>\n\n\n\n<p>All content on this site (text, images, graphics, logos, icons, sounds, software, etc.) is protected by copyright and intellectual property law.<br>Any reproduction, representation, modification, publication, adaptation, total or partial, of these elements, whatever the means or process used, is forbidden without the prior written authorization of the site editor.<\/p>\n\n\n\n<hr class=\"wp-block-separator has-alpha-channel-opacity\"\/>\n\n\n\n<h3 class=\"wp-block-heading\">Liability<\/h3>\n\n\n\n<p>The site editor strives to provide information that is as accurate as possible. However, it cannot be held responsible for any omissions, inaccuracies or failures to update, whether caused by itself or by third-party partners supplying such information.<\/p>","protected":false},"excerpt":{"rendered":"<p>\u00c9diteur du site Le pr\u00e9sent site, accessible \u00e0 l\u2019URL maiamuller.com, est \u00e9dit\u00e9 par : Ma\u00efa MullerAdresse : 31 rue Chapon, 75003 ParisSIREN : 502 571 979SIRET : 502 571 979 00025Num\u00e9ro de TVA intracommunautaire : FR38 502571979 H\u00e9bergement Le site est h\u00e9berg\u00e9 par : OVH2 rue Kellermann59100 RoubaixFranceSite web : www.ovh.com D\u00e9veloppement &amp; int\u00e9gration Le [&hellip;]<\/p>\n","protected":false},"author":1,"featured_media":0,"parent":0,"menu_order":0,"comment_status":"closed","ping_status":"closed","template":"","meta":{"_acf_changed":false,"footnotes":""},"class_list":["post-20830","page","type-page","status-publish","hentry"],"acf":[],"_links":{"self":[{"href":"https:\/\/www.maiamuller.com\/en\/wp-json\/wp\/v2\/pages\/20830","targetHints":{"allow":["GET"]}}],"collection":[{"href":"https:\/\/www.maiamuller.com\/en\/wp-json\/wp\/v2\/pages"}],"about":[{"href":"https:\/\/www.maiamuller.com\/en\/wp-json\/wp\/v2\/types\/page"}],"author":[{"embeddable":true,"href":"https:\/\/www.maiamuller.com\/en\/wp-json\/wp\/v2\/users\/1"}],"replies":[{"embeddable":true,"href":"https:\/\/www.maiamuller.com\/en\/wp-json\/wp\/v2\/comments?post=20830"}],"version-history":[{"count":1,"href":"https:\/\/www.maiamuller.com\/en\/wp-json\/wp\/v2\/pages\/20830\/revisions"}],"predecessor-version":[{"id":20831,"href":"https:\/\/www.maiamuller.com\/en\/wp-json\/wp\/v2\/pages\/20830\/revisions\/20831"}],"wp:attachment":[{"href":"https:\/\/www.maiamuller.com\/en\/wp-json\/wp\/v2\/media?parent=20830"}],"curies":[{"name":"wp","href":"https:\/\/api.w.org\/{rel}","templated":true}]}}